{"id":5655,"date":"2023-03-21T11:44:54","date_gmt":"2023-03-21T11:44:54","guid":{"rendered":"https:\/\/pre.coexia.com\/?page_id=5655"},"modified":"2023-05-08T11:50:54","modified_gmt":"2023-05-08T11:50:54","slug":"politica-de-privacitat","status":"publish","type":"page","link":"https:\/\/www.coexia.com\/ca\/politica-de-privacitat\/","title":{"rendered":"Pol\u00edtica de Privacitat"},"content":{"rendered":"\t\t<div data-elementor-type=\"wp-page\" data-elementor-id=\"5655\" class=\"elementor elementor-5655 elementor-3\" data-elementor-post-type=\"page\">\n\t\t\t\t\t\t<section class=\"elementor-section elementor-top-section elementor-element elementor-element-519ae4f6 elementor-section-boxed elementor-section-height-default elementor-section-height-default\" data-id=\"519ae4f6\" data-element_type=\"section\" data-e-type=\"section\">\n\t\t\t\t\t\t<div class=\"elementor-container elementor-column-gap-default\">\n\t\t\t\t\t<div class=\"elementor-column elementor-col-100 elementor-top-column elementor-element elementor-element-440f82e8\" data-id=\"440f82e8\" data-element_type=\"column\" data-e-type=\"column\">\n\t\t\t<div class=\"elementor-widget-wrap elementor-element-populated\">\n\t\t\t\t\t\t<div class=\"elementor-element elementor-element-1970f1ff elementor-widget elementor-widget-text-editor\" data-id=\"1970f1ff\" data-element_type=\"widget\" data-e-type=\"widget\" data-widget_type=\"text-editor.default\">\n\t\t\t\t<div class=\"elementor-widget-container\">\n\t\t\t\t\t\t\t\t\t<p>D&#8217;acord amb el que estableix la normativa vigent en Protecci\u00f3 de Dades de Car\u00e0cter Personal, l&#8217;informem que les seves dades seran incorporades al sistema de tractament titularitat de COEXIA SL amb CIF B63442925 i domicili social situat a l&#8217;AVINGUDA ICARIA 184 3-2, CP 08005, BARCELONA, amb la finalitat d&#8217;atendre les seves consultes i remetre-li informaci\u00f3 relacionada que pugui ser del seu inter\u00e8s. En compliment amb la normativa vigent, COEXIA SL informa que les dades seran conservades durant el termini estrictament necessari per complir amb els preceptes esmentats anteriorment.<\/p>\n<p>Mentre no ens comuniqui el contrari, entendrem que les seves dades no han estat modificades, que vost\u00e8 es compromet a notificar-nos qualsevol variaci\u00f3 i que tenim el seu consentiment per utilitzar-les per a les finalitats esmentades.<br \/>COEXIA SL informa que procedir\u00e0 a tractar les dades de manera l\u00edcita, lleial, transparent, adequada, pertinent, limitada, exacta i actualitzada. Per aix\u00f2, COEXIA SL es compromet a adoptar totes les mesures raonables perqu\u00e8 aquests siguin suprimits o rectificats sense dilaci\u00f3 quan siguin inexactes.<\/p>\n<p>De conformitat amb els drets que li confereix la normativa vigent en protecci\u00f3 de dades, podr\u00e0 exercir els drets d&#8217;acc\u00e9s, rectificaci\u00f3, limitaci\u00f3 de tractament, supressi\u00f3, portabilitat i oposici\u00f3 al tractament de les seves dades de car\u00e0cter personal, aix\u00ed com del consentiment prestat per al tractament dels mateixos, dirigint la seva sol\u00b7licitud a l&#8217;adre\u00e7a postal indicada anteriorment o a l&#8217;adre\u00e7a de correu electr\u00f2nic. <a href=\"mailto:informacion@coexia.com\">informacion@coexia.com<\/a>.<\/p>\n<p>A la vegada, l&#8217;informem que pot contactar amb el Delegat de Protecci\u00f3 de Dades de COEXIA SL, dirigint-se per escrit a l&#8217;adre\u00e7a de correu <a href=\"mailto:dpo.cliente@conversia.es\">informacion@coexia.com<\/a> o al tel\u00e8fon 935348842.<\/p>\n<p>Podr\u00e0 dirigir-se a l&#8217;Autoritat de Control competent per presentar la reclamaci\u00f3 que consideri oportuna.<br \/>Amb l&#8217;enviament del formulari de recollida de dades, vost\u00e8 accepta la pol\u00edtica de privacitat de COEXIA SL.<\/p>\n\t\t\t\t\t\t\t\t<\/div>\n\t\t\t\t<\/div>\n\t\t\t\t\t<\/div>\n\t\t<\/div>\n\t\t\t\t\t<\/div>\n\t\t<\/section>\n\t\t\t\t<section class=\"elementor-section elementor-top-section elementor-element elementor-element-4b33fe8 elementor-section-boxed elementor-section-height-default elementor-section-height-default\" data-id=\"4b33fe8\" data-element_type=\"section\" data-e-type=\"section\">\n\t\t\t\t\t\t<div class=\"elementor-container elementor-column-gap-default\">\n\t\t\t\t\t<div class=\"elementor-column elementor-col-100 elementor-top-column elementor-element elementor-element-08a2c3d\" data-id=\"08a2c3d\" data-element_type=\"column\" data-e-type=\"column\">\n\t\t\t<div class=\"elementor-widget-wrap elementor-element-populated\">\n\t\t\t\t\t\t<div class=\"elementor-element elementor-element-5034ac8 elementor-widget elementor-widget-spacer\" data-id=\"5034ac8\" data-element_type=\"widget\" data-e-type=\"widget\" data-widget_type=\"spacer.default\">\n\t\t\t\t<div class=\"elementor-widget-container\">\n\t\t\t\t\t\t\t<div class=\"elementor-spacer\">\n\t\t\t<div class=\"elementor-spacer-inner\"><\/div>\n\t\t<\/div>\n\t\t\t\t\t\t<\/div>\n\t\t\t\t<\/div>\n\t\t\t\t\t<\/div>\n\t\t<\/div>\n\t\t\t\t\t<\/div>\n\t\t<\/section>\n\t\t\t\t<section class=\"elementor-section elementor-top-section elementor-element elementor-element-7a68f8f elementor-section-full_width elementor-section-height-default elementor-section-height-default\" data-id=\"7a68f8f\" data-element_type=\"section\" data-e-type=\"section\">\n\t\t\t\t\t\t<div class=\"elementor-container elementor-column-gap-no\">\n\t\t\t\t\t<div class=\"elementor-column elementor-col-100 elementor-top-column elementor-element elementor-element-b796a22\" data-id=\"b796a22\" data-element_type=\"column\" data-e-type=\"column\">\n\t\t\t<div class=\"elementor-widget-wrap elementor-element-populated\">\n\t\t\t\t\t\t<div class=\"elementor-element elementor-element-a47dacd elementor-widget elementor-widget-shortcode\" data-id=\"a47dacd\" data-element_type=\"widget\" data-e-type=\"widget\" data-widget_type=\"shortcode.default\">\n\t\t\t\t<div class=\"elementor-widget-container\">\n\t\t\t\t\t\t\t<div class=\"elementor-shortcode\">\t\t<div data-elementor-type=\"section\" data-elementor-id=\"5615\" class=\"elementor elementor-5615 elementor-3212\" data-elementor-post-type=\"elementor_library\">\n\t\t\t\t\t<section class=\"elementor-section elementor-top-section elementor-element elementor-element-6f806ddf elementor-section-full_width elementor-section-stretched elementor-section-height-default elementor-section-height-default\" data-id=\"6f806ddf\" data-element_type=\"section\" data-e-type=\"section\" data-settings=\"{&quot;background_background&quot;:&quot;classic&quot;,&quot;stretch_section&quot;:&quot;section-stretched&quot;}\">\n\t\t\t\t\t\t<div class=\"elementor-container elementor-column-gap-no\">\n\t\t\t\t\t<div class=\"elementor-column elementor-col-25 elementor-top-column elementor-element elementor-element-3b68954\" data-id=\"3b68954\" data-element_type=\"column\" data-e-type=\"column\">\n\t\t\t<div class=\"elementor-widget-wrap elementor-element-populated\">\n\t\t\t\t\t\t<div class=\"elementor-element elementor-element-99d1450 elementor-hidden-desktop elementor-widget elementor-widget-spacer\" data-id=\"99d1450\" data-element_type=\"widget\" data-e-type=\"widget\" data-widget_type=\"spacer.default\">\n\t\t\t\t<div class=\"elementor-widget-container\">\n\t\t\t\t\t\t\t<div class=\"elementor-spacer\">\n\t\t\t<div class=\"elementor-spacer-inner\"><\/div>\n\t\t<\/div>\n\t\t\t\t\t\t<\/div>\n\t\t\t\t<\/div>\n\t\t\t\t<div class=\"elementor-element elementor-element-4b8b2695 elementor-widget__width-initial elementor-widget elementor-widget-heading\" data-id=\"4b8b2695\" data-element_type=\"widget\" data-e-type=\"widget\" data-widget_type=\"heading.default\">\n\t\t\t\t<div class=\"elementor-widget-container\">\n\t\t\t\t\t<h3 class=\"elementor-heading-title elementor-size-default\">\u00c9s hora de comen\u00e7ar amb el teu projecte.<\/h3>\t\t\t\t<\/div>\n\t\t\t\t<\/div>\n\t\t\t\t<div class=\"elementor-element elementor-element-6b1485de responsive-align-left elementor-widget elementor-widget-sr-widget-button\" data-id=\"6b1485de\" data-element_type=\"widget\" data-e-type=\"widget\" data-widget_type=\"sr-widget-button.default\">\n\t\t\t\t<div class=\"elementor-widget-container\">\n\t\t\t\t\t<a href=\"https:\/\/www.coexia.com\/conectemos\/\" class=\"sr-button bordered style-dark button-big\" ><span class=\"text\">Connectem<\/span><span class=\"icon arrow\"><svg xmlns=\"http:\/\/www.w3.org\/2000\/svg\" viewBox=\"0 0 24 24\"><polygon class=\"st0\" points=\"21.4,12 19.9,10.4 19.9,10.4 11.8,2.4 10.3,4 17.2,10.9 3,10.9 3,13.1 17.2,13.1 10.3,20 11.8,21.6 \n\t19.9,13.6 19.9,13.6 \"\/><\/svg><\/span><\/a>\t\t\t\t<\/div>\n\t\t\t\t<\/div>\n\t\t\t\t<div class=\"elementor-element elementor-element-b0b6ef2 elementor-hidden-desktop elementor-widget elementor-widget-spacer\" data-id=\"b0b6ef2\" data-element_type=\"widget\" data-e-type=\"widget\" data-widget_type=\"spacer.default\">\n\t\t\t\t<div class=\"elementor-widget-container\">\n\t\t\t\t\t\t\t<div class=\"elementor-spacer\">\n\t\t\t<div class=\"elementor-spacer-inner\"><\/div>\n\t\t<\/div>\n\t\t\t\t\t\t<\/div>\n\t\t\t\t<\/div>\n\t\t\t\t\t<\/div>\n\t\t<\/div>\n\t\t\t\t<div class=\"elementor-column elementor-col-25 elementor-top-column elementor-element elementor-element-3a94c356\" data-id=\"3a94c356\" data-element_type=\"column\" data-e-type=\"column\">\n\t\t\t<div class=\"elementor-widget-wrap elementor-element-populated\">\n\t\t\t\t\t\t<div class=\"elementor-element elementor-element-0e6ea77 elementor-hidden-desktop elementor-widget elementor-widget-spacer\" data-id=\"0e6ea77\" data-element_type=\"widget\" data-e-type=\"widget\" data-widget_type=\"spacer.default\">\n\t\t\t\t<div class=\"elementor-widget-container\">\n\t\t\t\t\t\t\t<div class=\"elementor-spacer\">\n\t\t\t<div class=\"elementor-spacer-inner\"><\/div>\n\t\t<\/div>\n\t\t\t\t\t\t<\/div>\n\t\t\t\t<\/div>\n\t\t\t\t<div class=\"elementor-element elementor-element-5973ca8 elementor-widget__width-initial elementor-widget elementor-widget-text-editor\" data-id=\"5973ca8\" data-element_type=\"widget\" data-e-type=\"widget\" data-widget_type=\"text-editor.default\">\n\t\t\t\t<div class=\"elementor-widget-container\">\n\t\t\t\t\t\t\t\t\t<ul class=\"nolist\">\n<li><a href=\"https:\/\/coexia.com\/soluciones-web\/\">Solucions Web<\/a><\/li>\n<li><a href=\"https:\/\/coexia.com\/valores\/\">Valors<\/a><\/li>\n<li><a href=\"https:\/\/coexia.com\/conectemos\/\">Contactar<\/a><\/li>\n<li><a href=\"https:\/\/coexia.com\/kit-digital\/\">Kit Digital<\/a><\/li>\n<\/ul>\n\t\t\t\t\t\t\t\t<\/div>\n\t\t\t\t<\/div>\n\t\t\t\t\t<\/div>\n\t\t<\/div>\n\t\t\t\t<div class=\"elementor-column elementor-col-25 elementor-top-column elementor-element elementor-element-5c0dbb2\" data-id=\"5c0dbb2\" data-element_type=\"column\" data-e-type=\"column\">\n\t\t\t<div class=\"elementor-widget-wrap\">\n\t\t\t\t\t\t\t<\/div>\n\t\t<\/div>\n\t\t\t\t<div class=\"elementor-column elementor-col-25 elementor-top-column elementor-element elementor-element-416ea1c0\" data-id=\"416ea1c0\" data-element_type=\"column\" data-e-type=\"column\">\n\t\t\t<div class=\"elementor-widget-wrap elementor-element-populated\">\n\t\t\t\t\t\t<div class=\"elementor-element elementor-element-eaed069 elementor-hidden-desktop elementor-widget elementor-widget-spacer\" data-id=\"eaed069\" data-element_type=\"widget\" data-e-type=\"widget\" data-widget_type=\"spacer.default\">\n\t\t\t\t<div class=\"elementor-widget-container\">\n\t\t\t\t\t\t\t<div class=\"elementor-spacer\">\n\t\t\t<div class=\"elementor-spacer-inner\"><\/div>\n\t\t<\/div>\n\t\t\t\t\t\t<\/div>\n\t\t\t\t<\/div>\n\t\t\t\t<div class=\"elementor-element elementor-element-08ec12f elementor-widget__width-initial elementor-widget elementor-widget-text-editor\" data-id=\"08ec12f\" data-element_type=\"widget\" data-e-type=\"widget\" data-widget_type=\"text-editor.default\">\n\t\t\t\t<div class=\"elementor-widget-container\">\n\t\t\t\t\t\t\t\t\t<p style=\"text-align: left;\">Oficines:<\/p>\n\t\t\t\t\t\t\t\t<\/div>\n\t\t\t\t<\/div>\n\t\t\t\t<div class=\"elementor-element elementor-element-8a27788 elementor-widget elementor-widget-text-editor\" data-id=\"8a27788\" data-element_type=\"widget\" data-e-type=\"widget\" data-widget_type=\"text-editor.default\">\n\t\t\t\t<div class=\"elementor-widget-container\">\n\t\t\t\t\t\t\t\t\t<p><a style=\"font-size: 14px; color: white; text-decoration-line: underline;\" href=\"https:\/\/goo.gl\/maps\/fwTLsMLfzF2vLHdD7\" target=\"_blank\" rel=\"noopener\">Pg. de St. Joan, 97, ENTLO 1,<\/a> <a style=\"font-size: 14px; color: white; text-decoration-line: underline;\" href=\"https:\/\/goo.gl\/maps\/fwTLsMLfzF2vLHdD7\" target=\"_blank\" rel=\"noopener\">08009 Barcelona<\/a><\/p>\n\t\t\t\t\t\t\t\t<\/div>\n\t\t\t\t<\/div>\n\t\t\t\t<div class=\"elementor-element elementor-element-0c1b63f elementor-widget__width-initial elementor-widget elementor-widget-text-editor\" data-id=\"0c1b63f\" data-element_type=\"widget\" data-e-type=\"widget\" data-widget_type=\"text-editor.default\">\n\t\t\t\t<div class=\"elementor-widget-container\">\n\t\t\t\t\t\t\t\t\t<p style=\"text-align: left;\">E-mail:<\/p>\n\t\t\t\t\t\t\t\t<\/div>\n\t\t\t\t<\/div>\n\t\t\t\t<div class=\"elementor-element elementor-element-4e47637 elementor-widget elementor-widget-text-editor\" data-id=\"4e47637\" data-element_type=\"widget\" data-e-type=\"widget\" data-widget_type=\"text-editor.default\">\n\t\t\t\t<div class=\"elementor-widget-container\">\n\t\t\t\t\t\t\t\t\t<p><a style=\"font-size: 14px; color: white; text-decoration-line: underline;\" href=\"mailto:informacion@coexia.com\">informacion@coexia.com<\/a><\/p>\n\t\t\t\t\t\t\t\t<\/div>\n\t\t\t\t<\/div>\n\t\t\t\t<div class=\"elementor-element elementor-element-4f94ff3 elementor-widget__width-initial elementor-widget elementor-widget-text-editor\" data-id=\"4f94ff3\" data-element_type=\"widget\" data-e-type=\"widget\" data-widget_type=\"text-editor.default\">\n\t\t\t\t<div class=\"elementor-widget-container\">\n\t\t\t\t\t\t\t\t\t<p style=\"text-align: left;\">Telefon:<\/p>\n\t\t\t\t\t\t\t\t<\/div>\n\t\t\t\t<\/div>\n\t\t\t\t<div class=\"elementor-element elementor-element-f2d29ef elementor-widget elementor-widget-text-editor\" data-id=\"f2d29ef\" data-element_type=\"widget\" data-e-type=\"widget\" data-widget_type=\"text-editor.default\">\n\t\t\t\t<div class=\"elementor-widget-container\">\n\t\t\t\t\t\t\t\t\t<p><a style=\"font-size: 14px; color: white; text-decoration-line: underline;\" href=\"tel:+34%2093%20534%2088%2042\">+34 93 534 88 42<\/a><\/p>\n\t\t\t\t\t\t\t\t<\/div>\n\t\t\t\t<\/div>\n\t\t\t\t<div class=\"elementor-element elementor-element-82a24f0 elementor-widget elementor-widget-spacer\" data-id=\"82a24f0\" data-element_type=\"widget\" data-e-type=\"widget\" data-widget_type=\"spacer.default\">\n\t\t\t\t<div class=\"elementor-widget-container\">\n\t\t\t\t\t\t\t<div class=\"elementor-spacer\">\n\t\t\t<div class=\"elementor-spacer-inner\"><\/div>\n\t\t<\/div>\n\t\t\t\t\t\t<\/div>\n\t\t\t\t<\/div>\n\t\t\t\t\t<\/div>\n\t\t<\/div>\n\t\t\t\t\t<\/div>\n\t\t<\/section>\n\t\t\t\t<section class=\"elementor-section elementor-top-section elementor-element elementor-element-42c2b86 elementor-section-content-middle elementor-section-height-min-height elementor-section-boxed elementor-section-height-default elementor-section-items-middle\" data-id=\"42c2b86\" data-element_type=\"section\" data-e-type=\"section\" data-settings=\"{&quot;background_background&quot;:&quot;classic&quot;}\">\n\t\t\t\t\t\t<div class=\"elementor-container elementor-column-gap-no\">\n\t\t\t\t\t<div class=\"elementor-column elementor-col-100 elementor-top-column elementor-element elementor-element-7c30df9\" data-id=\"7c30df9\" data-element_type=\"column\" data-e-type=\"column\" data-settings=\"{&quot;background_background&quot;:&quot;classic&quot;}\">\n\t\t\t<div class=\"elementor-widget-wrap elementor-element-populated\">\n\t\t\t\t\t\t<div class=\"elementor-element elementor-element-dd59b9c elementor-widget elementor-widget-text-editor\" data-id=\"dd59b9c\" data-element_type=\"widget\" data-e-type=\"widget\" data-widget_type=\"text-editor.default\">\n\t\t\t\t<div class=\"elementor-widget-container\">\n\t\t\t\t\t\t\t\t\t\u00a9 2023 Coexia. Tots els Drets Reservats. <a style=\"color: white; text-decoration: underline !important;\" href=\"https:\/\/coexia.com\/ca\/politica-de-privacitat\/\">Pol\u00edtica de Privacitat<\/a> <a style=\"color: white; text-decoration: underline !important;\" href=\"https:\/\/coexia.com\/ca\/politica-de-cookies\/\">Pol\u00edtica de Cookies<\/a> <a style=\"color: white; text-decoration: underline !important;\" href=\"https:\/\/coexia.com\/ca\/avis-legal\/\">Av\u00eds Legal<\/a>\t\t\t\t\t\t\t\t<\/div>\n\t\t\t\t<\/div>\n\t\t\t\t\t<\/div>\n\t\t<\/div>\n\t\t\t\t\t<\/div>\n\t\t<\/section>\n\t\t\t\t<\/div>\n\t\t<\/div>\n\t\t\t\t\t\t<\/div>\n\t\t\t\t<\/div>\n\t\t\t\t\t<\/div>\n\t\t<\/div>\n\t\t\t\t\t<\/div>\n\t\t<\/section>\n\t\t\t\t<\/div>\n\t\t","protected":false},"excerpt":{"rendered":"<p>D&#8217;acord amb el que estableix la normativa vigent en Protecci\u00f3 de Dades de Car\u00e0cter Personal, l&#8217;informem que les seves dades seran incorporades al sistema de tractament titularitat de COEXIA SL amb CIF B63442925 i domicili social situat a l&#8217;AVINGUDA ICARIA 184 3-2, CP 08005, BARCELONA, amb la finalitat d&#8217;atendre les seves consultes i remetre-li informaci\u00f3 [&hellip;]<\/p>\n","protected":false},"author":1,"featured_media":0,"parent":0,"menu_order":0,"comment_status":"closed","ping_status":"closed","template":"","meta":{"content-type":"","footnotes":""},"class_list":["post-5655","page","type-page","status-publish","hentry","isotope-item"],"yoast_head":"<!-- This site is optimized with the Yoast SEO plugin v27.1.1 - https:\/\/yoast.com\/product\/yoast-seo-wordpress\/ -->\n<title>Pol\u00edtica de Privacitat : La Teva Ag\u00e8ncia de Disseny i Desenvolupament Web Barcelona :. Coexia<\/title>\n<meta name=\"description\" content=\"Llegeix la nostra pol\u00edtica de privacitat per con\u00e8ixer com recopilem, utilitzem i protegim les teves dades personals a la nostra ag\u00e8ncia de disseny i desenvolupament web a Barcelona. La teva privacitat \u00e9s important per a nosaltres i estem compromesos a mantenir-la segura. Confia en nosaltres avui mateix!\" \/>\n<meta name=\"robots\" content=\"index, follow, max-snippet:-1, max-image-preview:large, max-video-preview:-1\" \/>\n<link rel=\"canonical\" href=\"https:\/\/www.coexia.com\/ca\/politica-de-privacitat\/\" \/>\n<meta property=\"og:locale\" content=\"ca_ES\" \/>\n<meta property=\"og:type\" content=\"article\" \/>\n<meta property=\"og:title\" content=\"Pol\u00edtica de Privacitat : La Teva Ag\u00e8ncia de Disseny i Desenvolupament Web Barcelona :. Coexia\" \/>\n<meta property=\"og:description\" content=\"Llegeix la nostra pol\u00edtica de privacitat per con\u00e8ixer com recopilem, utilitzem i protegim les teves dades personals a la nostra ag\u00e8ncia de disseny i desenvolupament web a Barcelona. La teva privacitat \u00e9s important per a nosaltres i estem compromesos a mantenir-la segura. Confia en nosaltres avui mateix!\" \/>\n<meta property=\"og:url\" content=\"https:\/\/www.coexia.com\/ca\/politica-de-privacitat\/\" \/>\n<meta property=\"og:site_name\" content=\"La Teva Ag\u00e8ncia de Disseny i Desenvolupament Web Barcelona ::. Coexia\" \/>\n<meta property=\"article:modified_time\" content=\"2023-05-08T11:50:54+00:00\" \/>\n<meta name=\"twitter:card\" content=\"summary_large_image\" \/>\n<meta name=\"twitter:label1\" content=\"Temps estimat de lectura\" \/>\n\t<meta name=\"twitter:data1\" content=\"2 minuts\" \/>\n<script type=\"application\/ld+json\" class=\"yoast-schema-graph\">{\"@context\":\"https:\/\/schema.org\",\"@graph\":[{\"@type\":\"WebPage\",\"@id\":\"https:\/\/www.coexia.com\/ca\/politica-de-privacitat\/\",\"url\":\"https:\/\/www.coexia.com\/ca\/politica-de-privacitat\/\",\"name\":\"Pol\u00edtica de Privacitat : La Teva Ag\u00e8ncia de Disseny i Desenvolupament Web Barcelona :. Coexia\",\"isPartOf\":{\"@id\":\"https:\/\/www.coexia.com\/ca\/#website\"},\"datePublished\":\"2023-03-21T11:44:54+00:00\",\"dateModified\":\"2023-05-08T11:50:54+00:00\",\"description\":\"Llegeix la nostra pol\u00edtica de privacitat per con\u00e8ixer com recopilem, utilitzem i protegim les teves dades personals a la nostra ag\u00e8ncia de disseny i desenvolupament web a Barcelona. La teva privacitat \u00e9s important per a nosaltres i estem compromesos a mantenir-la segura. Confia en nosaltres avui mateix!\",\"breadcrumb\":{\"@id\":\"https:\/\/www.coexia.com\/ca\/politica-de-privacitat\/#breadcrumb\"},\"inLanguage\":\"ca\",\"potentialAction\":[{\"@type\":\"ReadAction\",\"target\":[\"https:\/\/www.coexia.com\/ca\/politica-de-privacitat\/\"]}]},{\"@type\":\"BreadcrumbList\",\"@id\":\"https:\/\/www.coexia.com\/ca\/politica-de-privacitat\/#breadcrumb\",\"itemListElement\":[{\"@type\":\"ListItem\",\"position\":1,\"name\":\"Portada\",\"item\":\"https:\/\/www.coexia.com\/ca\/home\/\"},{\"@type\":\"ListItem\",\"position\":2,\"name\":\"Pol\u00edtica de Privacitat\"}]},{\"@type\":\"WebSite\",\"@id\":\"https:\/\/www.coexia.com\/ca\/#website\",\"url\":\"https:\/\/www.coexia.com\/ca\/\",\"name\":\"Coexia\",\"description\":\"Ag\u00e8ncia de Disseny i Desenvolupament web Barcelona\",\"publisher\":{\"@id\":\"https:\/\/www.coexia.com\/ca\/#organization\"},\"potentialAction\":[{\"@type\":\"SearchAction\",\"target\":{\"@type\":\"EntryPoint\",\"urlTemplate\":\"https:\/\/www.coexia.com\/ca\/?s={search_term_string}\"},\"query-input\":{\"@type\":\"PropertyValueSpecification\",\"valueRequired\":true,\"valueName\":\"search_term_string\"}}],\"inLanguage\":\"ca\"},{\"@type\":\"Organization\",\"@id\":\"https:\/\/www.coexia.com\/ca\/#organization\",\"name\":\"Coexia\",\"url\":\"https:\/\/www.coexia.com\/ca\/\",\"logo\":{\"@type\":\"ImageObject\",\"inLanguage\":\"ca\",\"@id\":\"https:\/\/www.coexia.com\/ca\/#\/schema\/logo\/image\/\",\"url\":\"https:\/\/coexia.com\/wp-content\/uploads\/2023\/03\/Logo-coexia-web-grande.png\",\"contentUrl\":\"https:\/\/coexia.com\/wp-content\/uploads\/2023\/03\/Logo-coexia-web-grande.png\",\"width\":1685,\"height\":282,\"caption\":\"Coexia\"},\"image\":{\"@id\":\"https:\/\/www.coexia.com\/ca\/#\/schema\/logo\/image\/\"}}]}<\/script>\n<!-- \/ Yoast SEO plugin. -->","yoast_head_json":{"title":"Pol\u00edtica de Privacitat : La Teva Ag\u00e8ncia de Disseny i Desenvolupament Web Barcelona :. Coexia","description":"Llegeix la nostra pol\u00edtica de privacitat per con\u00e8ixer com recopilem, utilitzem i protegim les teves dades personals a la nostra ag\u00e8ncia de disseny i desenvolupament web a Barcelona. La teva privacitat \u00e9s important per a nosaltres i estem compromesos a mantenir-la segura. Confia en nosaltres avui mateix!","robots":{"index":"index","follow":"follow","max-snippet":"max-snippet:-1","max-image-preview":"max-image-preview:large","max-video-preview":"max-video-preview:-1"},"canonical":"https:\/\/www.coexia.com\/ca\/politica-de-privacitat\/","og_locale":"ca_ES","og_type":"article","og_title":"Pol\u00edtica de Privacitat : La Teva Ag\u00e8ncia de Disseny i Desenvolupament Web Barcelona :. Coexia","og_description":"Llegeix la nostra pol\u00edtica de privacitat per con\u00e8ixer com recopilem, utilitzem i protegim les teves dades personals a la nostra ag\u00e8ncia de disseny i desenvolupament web a Barcelona. La teva privacitat \u00e9s important per a nosaltres i estem compromesos a mantenir-la segura. Confia en nosaltres avui mateix!","og_url":"https:\/\/www.coexia.com\/ca\/politica-de-privacitat\/","og_site_name":"La Teva Ag\u00e8ncia de Disseny i Desenvolupament Web Barcelona ::. Coexia","article_modified_time":"2023-05-08T11:50:54+00:00","twitter_card":"summary_large_image","twitter_misc":{"Temps estimat de lectura":"2 minuts"},"schema":{"@context":"https:\/\/schema.org","@graph":[{"@type":"WebPage","@id":"https:\/\/www.coexia.com\/ca\/politica-de-privacitat\/","url":"https:\/\/www.coexia.com\/ca\/politica-de-privacitat\/","name":"Pol\u00edtica de Privacitat : La Teva Ag\u00e8ncia de Disseny i Desenvolupament Web Barcelona :. Coexia","isPartOf":{"@id":"https:\/\/www.coexia.com\/ca\/#website"},"datePublished":"2023-03-21T11:44:54+00:00","dateModified":"2023-05-08T11:50:54+00:00","description":"Llegeix la nostra pol\u00edtica de privacitat per con\u00e8ixer com recopilem, utilitzem i protegim les teves dades personals a la nostra ag\u00e8ncia de disseny i desenvolupament web a Barcelona. La teva privacitat \u00e9s important per a nosaltres i estem compromesos a mantenir-la segura. Confia en nosaltres avui mateix!","breadcrumb":{"@id":"https:\/\/www.coexia.com\/ca\/politica-de-privacitat\/#breadcrumb"},"inLanguage":"ca","potentialAction":[{"@type":"ReadAction","target":["https:\/\/www.coexia.com\/ca\/politica-de-privacitat\/"]}]},{"@type":"BreadcrumbList","@id":"https:\/\/www.coexia.com\/ca\/politica-de-privacitat\/#breadcrumb","itemListElement":[{"@type":"ListItem","position":1,"name":"Portada","item":"https:\/\/www.coexia.com\/ca\/home\/"},{"@type":"ListItem","position":2,"name":"Pol\u00edtica de Privacitat"}]},{"@type":"WebSite","@id":"https:\/\/www.coexia.com\/ca\/#website","url":"https:\/\/www.coexia.com\/ca\/","name":"Coexia","description":"Ag\u00e8ncia de Disseny i Desenvolupament web Barcelona","publisher":{"@id":"https:\/\/www.coexia.com\/ca\/#organization"},"potentialAction":[{"@type":"SearchAction","target":{"@type":"EntryPoint","urlTemplate":"https:\/\/www.coexia.com\/ca\/?s={search_term_string}"},"query-input":{"@type":"PropertyValueSpecification","valueRequired":true,"valueName":"search_term_string"}}],"inLanguage":"ca"},{"@type":"Organization","@id":"https:\/\/www.coexia.com\/ca\/#organization","name":"Coexia","url":"https:\/\/www.coexia.com\/ca\/","logo":{"@type":"ImageObject","inLanguage":"ca","@id":"https:\/\/www.coexia.com\/ca\/#\/schema\/logo\/image\/","url":"https:\/\/coexia.com\/wp-content\/uploads\/2023\/03\/Logo-coexia-web-grande.png","contentUrl":"https:\/\/coexia.com\/wp-content\/uploads\/2023\/03\/Logo-coexia-web-grande.png","width":1685,"height":282,"caption":"Coexia"},"image":{"@id":"https:\/\/www.coexia.com\/ca\/#\/schema\/logo\/image\/"}}]}},"_links":{"self":[{"href":"https:\/\/www.coexia.com\/ca\/wp-json\/wp\/v2\/pages\/5655","targetHints":{"allow":["GET"]}}],"collection":[{"href":"https:\/\/www.coexia.com\/ca\/wp-json\/wp\/v2\/pages"}],"about":[{"href":"https:\/\/www.coexia.com\/ca\/wp-json\/wp\/v2\/types\/page"}],"author":[{"embeddable":true,"href":"https:\/\/www.coexia.com\/ca\/wp-json\/wp\/v2\/users\/1"}],"replies":[{"embeddable":true,"href":"https:\/\/www.coexia.com\/ca\/wp-json\/wp\/v2\/comments?post=5655"}],"version-history":[{"count":0,"href":"https:\/\/www.coexia.com\/ca\/wp-json\/wp\/v2\/pages\/5655\/revisions"}],"wp:attachment":[{"href":"https:\/\/www.coexia.com\/ca\/wp-json\/wp\/v2\/media?parent=5655"}],"curies":[{"name":"wp","href":"https:\/\/api.w.org\/{rel}","templated":true}]}}